{"id":5173,"date":"2018-09-13T05:44:19","date_gmt":"2018-09-13T05:44:19","guid":{"rendered":"http:\/\/vergo.me\/demo\/townsite\/?page_id=5173"},"modified":"2024-10-01T19:48:47","modified_gmt":"2024-10-01T17:48:47","slug":"documents","status":"publish","type":"page","link":"https:\/\/www.fresnodelavega.org\/2024\/pages\/documents\/","title":{"rendered":"Normativa Municipal"},"content":{"rendered":"\n<h2 class=\"wp-block-heading\">Actas<\/h2>\n\n\n<p>[wpdm_category id=&#8221;city-council&#8221; cols=&#8221;1&#8243;]<\/p>\n\n\n<p>[wpdm_category id=&#8221;development-department&#8221; cols=&#8221;1&#8243;]<\/p>\n\n\n<p>[wpdm_category id=&#8221;public-works&#8221; cols=&#8221;1&#8243;]<\/p>\n\n\n\n<div style=\"height:61px\" aria-hidden=\"true\" class=\"wp-block-spacer\"><\/div>\n\n\n\n<h2 class=\"wp-block-heading\">Ordenanzas <\/h2>\n\n\n<p>[wpdm_package id=&#8217;5791&#8242;]<br \/>\n[wpdm_package id=&#8217;5790&#8242;]<br \/>\n[wpdm_package id=&#8217;5789&#8242;]<br \/>\n[wpdm_package id=&#8217;5788&#8242;]<br \/>\n[wpdm_package id=&#8217;5787&#8242;]<br \/>\n[wpdm_package id=&#8217;5786&#8242;]<br \/>\n[wpdm_package id=&#8217;5785&#8242;]<\/p>\n\n\n\n<h2 class=\"wp-block-heading\">Reglamentos<\/h2>\n\n\n\n<h2 class=\"wp-block-heading\">Normativa Urban\u00edstica <\/h2>\n\n\n\n<div class=\"wp-block-group is-nowrap is-layout-flex wp-container-core-group-is-layout-ad2f72ca wp-block-group-is-layout-flex\">\n<figure class=\"wp-block-image size-full\"><img decoding=\"async\" width=\"202\" height=\"90\" src=\"https:\/\/www.fresnodelavega.org\/2024\/wp-content\/uploads\/2024\/10\/escudo-jcyl.gif_1794272554.gif\" alt=\"\" class=\"wp-image-7928\"\/><\/figure>\n\n\n\n<p><\/p>\n<\/div>\n\n\n\n<p>La&nbsp;<strong>P\u00e1gina&nbsp;<\/strong>de&nbsp;<strong>Planeamiento Urban\u00edstico y Ordenaci\u00f3n del Territorio en Informaci\u00f3n P\u00fablica de Castilla y Le\u00f3n<\/strong>&nbsp;contiene los planes de urbanismo que en el momento actual se encuentran en fase de informaci\u00f3n p\u00fablica, al objeto de que los interesados puedan formular alegaciones a los mismos.<br><br>El&nbsp;<strong>Archivo de Planeamiento Urban\u00edstico y Ordenaci\u00f3n del Territorio de Castilla y Le\u00f3n<\/strong>&nbsp;es una documentaci\u00f3n organizada y estructurada de expedientes que se corresponden con instrumentos de planeamiento urban\u00edstico aprobados y que han sido sometidos a un tratamiento de digitalizaci\u00f3n y conversi\u00f3n a Portable Document Format (PDF), con la creaci\u00f3n de enlaces a trav\u00e9s de documentos Gu\u00eda que facilitan el acceso y navegaci\u00f3n entre ellos.<\/p>\n\n\n\n<h3 class=\"wp-block-heading\">Enlaces<\/h3>\n\n\n\n<ul class=\"wp-block-list\">\n<li><a href=\"http:\/\/servicios.jcyl.es\/PlanPublica\/searchVPubDocMuniPlai.do?bInfoPublica=S&amp;provincia=24&amp;municipio=073\" target=\"_blank\" rel=\"noreferrer noopener\">Planeamiento Urban\u00edstico en informaci\u00f3n p\u00fablica<\/a><\/li>\n\n\n\n<li><a href=\"http:\/\/servicios.jcyl.es\/PlanPublica\/searchVPubDocMuniPlau.do?bInfoPublica=N&amp;provincia=24&amp;municipio=073\" target=\"_blank\" rel=\"noreferrer noopener\">Archivo de Planeamiento Urban\u00edstico y ordenaci\u00f3n del territorio vigente<\/a><\/li>\n<\/ul>\n\n\n\n<p><\/p>\n","protected":false},"excerpt":{"rendered":"<p>Actas Ordenanzas Reglamentos Normativa Urban\u00edstica La&nbsp;P\u00e1gina&nbsp;de&nbsp;Planeamiento Urban\u00edstico y Ordenaci\u00f3n del Territorio en Informaci\u00f3n P\u00fablica de Castilla y Le\u00f3n&nbsp;contiene los planes de urbanismo que en el momento actual se encuentran en fase de informaci\u00f3n p\u00fablica, al objeto de que los interesados puedan formular alegaciones a los mismos. El&nbsp;Archivo de Planeamiento Urban\u00edstico y Ordenaci\u00f3n del Territorio de &hellip;<\/p>\n","protected":false},"author":1,"featured_media":0,"parent":5982,"menu_order":0,"comment_status":"closed","ping_status":"closed","template":"template-fullwidth.php","meta":{"footnotes":""},"class_list":["post-5173","page","type-page","status-publish","hentry"],"_links":{"self":[{"href":"https:\/\/www.fresnodelavega.org\/2024\/wp-json\/wp\/v2\/pages\/5173","targetHints":{"allow":["GET"]}}],"collection":[{"href":"https:\/\/www.fresnodelavega.org\/2024\/wp-json\/wp\/v2\/pages"}],"about":[{"href":"https:\/\/www.fresnodelavega.org\/2024\/wp-json\/wp\/v2\/types\/page"}],"author":[{"embeddable":true,"href":"https:\/\/www.fresnodelavega.org\/2024\/wp-json\/wp\/v2\/users\/1"}],"replies":[{"embeddable":true,"href":"https:\/\/www.fresnodelavega.org\/2024\/wp-json\/wp\/v2\/comments?post=5173"}],"version-history":[{"count":4,"href":"https:\/\/www.fresnodelavega.org\/2024\/wp-json\/wp\/v2\/pages\/5173\/revisions"}],"predecessor-version":[{"id":7931,"href":"https:\/\/www.fresnodelavega.org\/2024\/wp-json\/wp\/v2\/pages\/5173\/revisions\/7931"}],"up":[{"embeddable":true,"href":"https:\/\/www.fresnodelavega.org\/2024\/wp-json\/wp\/v2\/pages\/5982"}],"wp:attachment":[{"href":"https:\/\/www.fresnodelavega.org\/2024\/wp-json\/wp\/v2\/media?parent=5173"}],"curies":[{"name":"wp","href":"https:\/\/api.w.org\/{rel}","templated":true}]}}